{"id":7027,"date":"2024-12-17T10:42:50","date_gmt":"2024-12-17T09:42:50","guid":{"rendered":"https:\/\/redfirepits.eu\/product\/gril-a-plancha-havana-bbq\/"},"modified":"2026-04-02T10:46:24","modified_gmt":"2026-04-02T09:46:24","slug":"havana-gril-a-plancha-bbq-noir","status":"publish","type":"product","link":"https:\/\/redfirepits.eu\/fr\/produit\/havana-gril-a-plancha-bbq-noir\/","title":{"rendered":"Havana Gril \u00e0 plancha BBQ Noir"},"excerpt":{"rendered":"<p>Pour une soir\u00e9e conviviale autour du feu ou un barbecue entre amis, le brasero RedFire Havana est un choix id\u00e9al. Ce mod\u00e8le moderne associe design \u00e9l\u00e9gant et fonctionnalit\u00e9s pratiques pour profiter pleinement du feu et de la cuisine en plein air.<\/p>\n","protected":false},"featured_media":6537,"template":"","meta":{"inline_featured_image":false},"product_brand":[],"product_cat":[1373],"product_tag":[],"class_list":{"0":"post-7027","1":"product","2":"type-product","3":"status-publish","4":"has-post-thumbnail","6":"product_cat-classics-fr-2","8":"first","9":"instock","10":"taxable","11":"shipping-taxable","12":"purchasable","13":"product-type-simple"},"_links":{"self":[{"href":"https:\/\/redfirepits.eu\/fr\/wp-json\/wp\/v2\/product\/7027","targetHints":{"allow":["GET"]}}],"collection":[{"href":"https:\/\/redfirepits.eu\/fr\/wp-json\/wp\/v2\/product"}],"about":[{"href":"https:\/\/redfirepits.eu\/fr\/wp-json\/wp\/v2\/types\/product"}],"wp:featuredmedia":[{"embeddable":true,"href":"https:\/\/redfirepits.eu\/fr\/wp-json\/wp\/v2\/media\/6537"}],"wp:attachment":[{"href":"https:\/\/redfirepits.eu\/fr\/wp-json\/wp\/v2\/media?parent=7027"}],"wp:term":[{"taxonomy":"product_brand","embeddable":true,"href":"https:\/\/redfirepits.eu\/fr\/wp-json\/wp\/v2\/product_brand?post=7027"},{"taxonomy":"product_cat","embeddable":true,"href":"https:\/\/redfirepits.eu\/fr\/wp-json\/wp\/v2\/product_cat?post=7027"},{"taxonomy":"product_tag","embeddable":true,"href":"https:\/\/redfirepits.eu\/fr\/wp-json\/wp\/v2\/product_tag?post=7027"}],"curies":[{"name":"wp","href":"https:\/\/api.w.org\/{rel}","templated":true}]}}