{"id":7052,"date":"2025-02-12T13:54:23","date_gmt":"2025-02-12T12:54:23","guid":{"rendered":"https:\/\/redfirepits.eu\/product\/asplaat-zilver\/"},"modified":"2025-07-02T13:13:44","modified_gmt":"2025-07-02T12:13:44","slug":"laque-a-cendres-argentee","status":"publish","type":"product","link":"https:\/\/redfirepits.eu\/fr\/produit\/laque-a-cendres-argentee\/","title":{"rendered":"Laque \u00e0 Cendres Argent\u00e9e"},"excerpt":{"rendered":"<div class=\"flex max-w-full flex-col flex-grow\">\n<div class=\"min-h-8 text-message flex w-full flex-col items-end gap-2 whitespace-normal break-words text-start [.text-message+&amp;]:mt-5\" dir=\"auto\" data-message-author-role=\"assistant\" data-message-id=\"c13b2041-30e6-4e97-be98-1cce11901239\" data-message-model-slug=\"gpt-4o-mini\">\n<div class=\"flex w-full flex-col gap-1 empty:hidden first:pt-[3px]\">\n<div class=\"markdown prose w-full break-words dark:prose-invert light\">\n<p data-start=\"0\" data-end=\"566\" data-is-last-node=\"\">La plaque \u00e0 cendres RedFire est l\u2019accessoire id\u00e9al pour tous ceux qui aiment se r\u00e9unir autour d\u2019un feu en plein air. Avec des dimensions de 40 x 40 cm, cette plaque de fond pour panier \u00e0 feu est con\u00e7ue pour recueillir les cendres et les salet\u00e9s, afin de garder votre espace ext\u00e9rieur propre et net.<\/p>\n<\/div>\n<\/div>\n<\/div>\n<\/div>\n","protected":false},"featured_media":6311,"template":"","meta":{"inline_featured_image":false},"product_brand":[],"product_cat":[1672],"product_tag":[1656],"class_list":{"0":"post-7052","1":"product","2":"type-product","3":"status-publish","4":"has-post-thumbnail","6":"product_cat-accessoires-fr","7":"product_tag-sortie","9":"first","10":"instock","11":"sale","12":"taxable","13":"shipping-taxable","14":"purchasable","15":"product-type-simple"},"_links":{"self":[{"href":"https:\/\/redfirepits.eu\/fr\/wp-json\/wp\/v2\/product\/7052","targetHints":{"allow":["GET"]}}],"collection":[{"href":"https:\/\/redfirepits.eu\/fr\/wp-json\/wp\/v2\/product"}],"about":[{"href":"https:\/\/redfirepits.eu\/fr\/wp-json\/wp\/v2\/types\/product"}],"wp:featuredmedia":[{"embeddable":true,"href":"https:\/\/redfirepits.eu\/fr\/wp-json\/wp\/v2\/media\/6311"}],"wp:attachment":[{"href":"https:\/\/redfirepits.eu\/fr\/wp-json\/wp\/v2\/media?parent=7052"}],"wp:term":[{"taxonomy":"product_brand","embeddable":true,"href":"https:\/\/redfirepits.eu\/fr\/wp-json\/wp\/v2\/product_brand?post=7052"},{"taxonomy":"product_cat","embeddable":true,"href":"https:\/\/redfirepits.eu\/fr\/wp-json\/wp\/v2\/product_cat?post=7052"},{"taxonomy":"product_tag","embeddable":true,"href":"https:\/\/redfirepits.eu\/fr\/wp-json\/wp\/v2\/product_tag?post=7052"}],"curies":[{"name":"wp","href":"https:\/\/api.w.org\/{rel}","templated":true}]}}