{"id":7060,"date":"2024-10-16T18:31:28","date_gmt":"2024-10-16T17:31:28","guid":{"rendered":"https:\/\/redfirepits.eu\/product\/redfire-cover-chimeneas-m\/"},"modified":"2025-07-02T13:43:35","modified_gmt":"2025-07-02T12:43:35","slug":"cover-chimeneas-m-noir","status":"publish","type":"product","link":"https:\/\/redfirepits.eu\/fr\/produit\/cover-chimeneas-m-noir\/","title":{"rendered":"Cover Chimeneas M Noir"},"excerpt":{"rendered":"<p data-start=\"408\" data-end=\"551\">Vous souhaitez prolonger la dur\u00e9e de vie de votre chemin\u00e9e d\u2019ext\u00e9rieur RedFire ? Prot\u00e9gez-la avec cette housse parfaitement adapt\u00e9e de RedFire.<\/p>\n","protected":false},"featured_media":7056,"template":"","meta":{"inline_featured_image":false},"product_brand":[],"product_cat":[1672],"product_tag":[],"class_list":{"0":"post-7060","1":"product","2":"type-product","3":"status-publish","4":"has-post-thumbnail","6":"product_cat-accessoires-fr","8":"first","9":"instock","10":"taxable","11":"shipping-taxable","12":"purchasable","13":"product-type-simple"},"_links":{"self":[{"href":"https:\/\/redfirepits.eu\/fr\/wp-json\/wp\/v2\/product\/7060","targetHints":{"allow":["GET"]}}],"collection":[{"href":"https:\/\/redfirepits.eu\/fr\/wp-json\/wp\/v2\/product"}],"about":[{"href":"https:\/\/redfirepits.eu\/fr\/wp-json\/wp\/v2\/types\/product"}],"wp:featuredmedia":[{"embeddable":true,"href":"https:\/\/redfirepits.eu\/fr\/wp-json\/wp\/v2\/media\/7056"}],"wp:attachment":[{"href":"https:\/\/redfirepits.eu\/fr\/wp-json\/wp\/v2\/media?parent=7060"}],"wp:term":[{"taxonomy":"product_brand","embeddable":true,"href":"https:\/\/redfirepits.eu\/fr\/wp-json\/wp\/v2\/product_brand?post=7060"},{"taxonomy":"product_cat","embeddable":true,"href":"https:\/\/redfirepits.eu\/fr\/wp-json\/wp\/v2\/product_cat?post=7060"},{"taxonomy":"product_tag","embeddable":true,"href":"https:\/\/redfirepits.eu\/fr\/wp-json\/wp\/v2\/product_tag?post=7060"}],"curies":[{"name":"wp","href":"https:\/\/api.w.org\/{rel}","templated":true}]}}