{"id":7105,"date":"2022-05-12T09:02:11","date_gmt":"2022-05-12T08:02:11","guid":{"rendered":"https:\/\/redfirepits.eu\/product\/chimenea-lima-kleihaard-beige\/"},"modified":"2026-04-02T12:53:42","modified_gmt":"2026-04-02T11:53:42","slug":"cheminee-en-terre-cuite-lima-beige","status":"publish","type":"product","link":"https:\/\/redfirepits.eu\/fr\/produit\/cheminee-en-terre-cuite-lima-beige\/","title":{"rendered":"Chemin\u00e9e En Terre Cuite Lima Beige"},"excerpt":{"rendered":"<p>La chemin\u00e9e de jardin RedFire Lima est une addition \u00e9l\u00e9gante et pleine de caract\u00e8re pour votre jardin ou votre terrasse. Cette chemin\u00e9e se distingue par sa fabrication en argile poreuse et son design mexicain traditionnel, combinant un style exotique avec une excellente diffusion de la chaleur.<\/p>\n","protected":false},"featured_media":7097,"template":"","meta":{"inline_featured_image":false},"product_brand":[],"product_cat":[1369],"product_tag":[],"class_list":{"0":"post-7105","1":"product","2":"type-product","3":"status-publish","4":"has-post-thumbnail","6":"product_cat-classics-fr","8":"first","9":"instock","10":"purchasable","11":"product-type-simple"},"_links":{"self":[{"href":"https:\/\/redfirepits.eu\/fr\/wp-json\/wp\/v2\/product\/7105","targetHints":{"allow":["GET"]}}],"collection":[{"href":"https:\/\/redfirepits.eu\/fr\/wp-json\/wp\/v2\/product"}],"about":[{"href":"https:\/\/redfirepits.eu\/fr\/wp-json\/wp\/v2\/types\/product"}],"wp:featuredmedia":[{"embeddable":true,"href":"https:\/\/redfirepits.eu\/fr\/wp-json\/wp\/v2\/media\/7097"}],"wp:attachment":[{"href":"https:\/\/redfirepits.eu\/fr\/wp-json\/wp\/v2\/media?parent=7105"}],"wp:term":[{"taxonomy":"product_brand","embeddable":true,"href":"https:\/\/redfirepits.eu\/fr\/wp-json\/wp\/v2\/product_brand?post=7105"},{"taxonomy":"product_cat","embeddable":true,"href":"https:\/\/redfirepits.eu\/fr\/wp-json\/wp\/v2\/product_cat?post=7105"},{"taxonomy":"product_tag","embeddable":true,"href":"https:\/\/redfirepits.eu\/fr\/wp-json\/wp\/v2\/product_tag?post=7105"}],"curies":[{"name":"wp","href":"https:\/\/api.w.org\/{rel}","templated":true}]}}