{"id":7259,"date":"2022-05-12T09:02:06","date_gmt":"2022-05-12T08:02:06","guid":{"rendered":"https:\/\/redfirepits.eu\/product\/kingston-vuurhaard-groot-zwart\/"},"modified":"2025-07-03T13:20:12","modified_gmt":"2025-07-03T12:20:12","slug":"kingston-foyer-grand-noir","status":"publish","type":"product","link":"https:\/\/redfirepits.eu\/fr\/produit\/kingston-foyer-grand-noir\/","title":{"rendered":"Kingston Foyer Grand Noir"},"excerpt":{"rendered":"<p>Apportez une touche suppl\u00e9mentaire \u00e0 votre jardin avec le RedFire Kingston XL moderne en noir mat. Avec un diam\u00e8tre de 60 centim\u00e8tres et une hauteur de 160 centim\u00e8tres, ce Kingston XL est une source de chaleur puissante dans votre jardin ou sur votre terrasse. Une chemin\u00e9e finition acier inoxydable \u00e9vacue efficacement la fum\u00e9e et apporte une touche suppl\u00e9mentaire \u00e0 son design moderne.<\/p>\n","protected":false},"featured_media":5362,"template":"","meta":{"inline_featured_image":false},"product_brand":[],"product_cat":[1369],"product_tag":[],"class_list":{"0":"post-7259","1":"product","2":"type-product","3":"status-publish","4":"has-post-thumbnail","6":"product_cat-classics-fr","8":"first","9":"instock","10":"purchasable","11":"product-type-simple"},"_links":{"self":[{"href":"https:\/\/redfirepits.eu\/fr\/wp-json\/wp\/v2\/product\/7259","targetHints":{"allow":["GET"]}}],"collection":[{"href":"https:\/\/redfirepits.eu\/fr\/wp-json\/wp\/v2\/product"}],"about":[{"href":"https:\/\/redfirepits.eu\/fr\/wp-json\/wp\/v2\/types\/product"}],"wp:featuredmedia":[{"embeddable":true,"href":"https:\/\/redfirepits.eu\/fr\/wp-json\/wp\/v2\/media\/5362"}],"wp:attachment":[{"href":"https:\/\/redfirepits.eu\/fr\/wp-json\/wp\/v2\/media?parent=7259"}],"wp:term":[{"taxonomy":"product_brand","embeddable":true,"href":"https:\/\/redfirepits.eu\/fr\/wp-json\/wp\/v2\/product_brand?post=7259"},{"taxonomy":"product_cat","embeddable":true,"href":"https:\/\/redfirepits.eu\/fr\/wp-json\/wp\/v2\/product_cat?post=7259"},{"taxonomy":"product_tag","embeddable":true,"href":"https:\/\/redfirepits.eu\/fr\/wp-json\/wp\/v2\/product_tag?post=7259"}],"curies":[{"name":"wp","href":"https:\/\/api.w.org\/{rel}","templated":true}]}}