{"id":7337,"date":"2022-05-12T09:02:00","date_gmt":"2022-05-12T08:02:00","guid":{"rendered":"https:\/\/redfirepits.eu\/product\/el-paso-barbecue-tripod-zwart-zilver\/"},"modified":"2025-07-08T11:30:57","modified_gmt":"2025-07-08T10:30:57","slug":"el-paso-trepied-barbecue-noir-argent","status":"publish","type":"product","link":"https:\/\/redfirepits.eu\/fr\/produit\/el-paso-trepied-barbecue-noir-argent\/","title":{"rendered":"El Paso Tr\u00e9pied Barbecue Noir\/Argent"},"excerpt":{"rendered":"<p>Avec ce tr\u00e9pied BBQ, vous pouvez commencer \u00e0 griller imm\u00e9diatement en pla\u00e7ant simplement le tr\u00e9pied au-dessus de votre brasero. Un avantage pratique du tr\u00e9pied de la gamme RedFire est que vous pouvez ajuster vous-m\u00eame la hauteur de la grille au-dessus du brasero. Ainsi, vous contr\u00f4lez la chaleur que re\u00e7oit votre nourriture.<\/p>\n","protected":false},"featured_media":4835,"template":"","meta":{"inline_featured_image":false},"product_brand":[],"product_cat":[1373],"product_tag":[],"class_list":{"0":"post-7337","1":"product","2":"type-product","3":"status-publish","4":"has-post-thumbnail","6":"product_cat-classics-fr-2","8":"first","9":"instock","10":"taxable","11":"shipping-taxable","12":"purchasable","13":"product-type-simple"},"_links":{"self":[{"href":"https:\/\/redfirepits.eu\/fr\/wp-json\/wp\/v2\/product\/7337","targetHints":{"allow":["GET"]}}],"collection":[{"href":"https:\/\/redfirepits.eu\/fr\/wp-json\/wp\/v2\/product"}],"about":[{"href":"https:\/\/redfirepits.eu\/fr\/wp-json\/wp\/v2\/types\/product"}],"wp:featuredmedia":[{"embeddable":true,"href":"https:\/\/redfirepits.eu\/fr\/wp-json\/wp\/v2\/media\/4835"}],"wp:attachment":[{"href":"https:\/\/redfirepits.eu\/fr\/wp-json\/wp\/v2\/media?parent=7337"}],"wp:term":[{"taxonomy":"product_brand","embeddable":true,"href":"https:\/\/redfirepits.eu\/fr\/wp-json\/wp\/v2\/product_brand?post=7337"},{"taxonomy":"product_cat","embeddable":true,"href":"https:\/\/redfirepits.eu\/fr\/wp-json\/wp\/v2\/product_cat?post=7337"},{"taxonomy":"product_tag","embeddable":true,"href":"https:\/\/redfirepits.eu\/fr\/wp-json\/wp\/v2\/product_tag?post=7337"}],"curies":[{"name":"wp","href":"https:\/\/api.w.org\/{rel}","templated":true}]}}