{"id":7370,"date":"2022-05-12T09:01:54","date_gmt":"2022-05-12T08:01:54","guid":{"rendered":"https:\/\/redfirepits.eu\/product\/salo-classic-vuurschaal-80-cm-zwart\/"},"modified":"2026-04-08T09:51:18","modified_gmt":"2026-04-08T08:51:18","slug":"salo-classic-brasero-80-cm-noir","status":"publish","type":"product","link":"https:\/\/redfirepits.eu\/fr\/produit\/salo-classic-brasero-80-cm-noir\/","title":{"rendered":"Salo Classic Brasero 80 cm Noir"},"excerpt":{"rendered":"<p>Le RedFire Salo 80 cm est un brasero g\u00e9n\u00e9reux au style industriel affirm\u00e9. Un v\u00e9ritable \u00e9l\u00e9ment central qui apporte instantan\u00e9ment ambiance et caract\u00e8re \u00e0 votre jardin ou terrasse. Gr\u00e2ce \u00e0 son centre de gravit\u00e9 bas et \u00e0 son large pied tripode, le Salo offre une stabilit\u00e9 exceptionnelle, m\u00eame avec un feu intense.<\/p>\n","protected":false},"featured_media":4970,"template":"","meta":{"inline_featured_image":false},"product_brand":[],"product_cat":[1371],"product_tag":[],"class_list":{"0":"post-7370","1":"product","2":"type-product","3":"status-publish","4":"has-post-thumbnail","6":"product_cat-premium-fr","8":"first","9":"instock","10":"taxable","11":"shipping-taxable","12":"purchasable","13":"product-type-simple"},"_links":{"self":[{"href":"https:\/\/redfirepits.eu\/fr\/wp-json\/wp\/v2\/product\/7370","targetHints":{"allow":["GET"]}}],"collection":[{"href":"https:\/\/redfirepits.eu\/fr\/wp-json\/wp\/v2\/product"}],"about":[{"href":"https:\/\/redfirepits.eu\/fr\/wp-json\/wp\/v2\/types\/product"}],"wp:featuredmedia":[{"embeddable":true,"href":"https:\/\/redfirepits.eu\/fr\/wp-json\/wp\/v2\/media\/4970"}],"wp:attachment":[{"href":"https:\/\/redfirepits.eu\/fr\/wp-json\/wp\/v2\/media?parent=7370"}],"wp:term":[{"taxonomy":"product_brand","embeddable":true,"href":"https:\/\/redfirepits.eu\/fr\/wp-json\/wp\/v2\/product_brand?post=7370"},{"taxonomy":"product_cat","embeddable":true,"href":"https:\/\/redfirepits.eu\/fr\/wp-json\/wp\/v2\/product_cat?post=7370"},{"taxonomy":"product_tag","embeddable":true,"href":"https:\/\/redfirepits.eu\/fr\/wp-json\/wp\/v2\/product_tag?post=7370"}],"curies":[{"name":"wp","href":"https:\/\/api.w.org\/{rel}","templated":true}]}}