{"id":7737,"date":"2022-05-12T09:02:00","date_gmt":"2022-05-12T08:02:00","guid":{"rendered":"https:\/\/redfirepits.eu\/product\/orion-bbgrill-rust\/"},"modified":"2025-12-29T14:55:38","modified_gmt":"2025-12-29T13:55:38","slug":"orion-classic-rouille","status":"publish","type":"product","link":"https:\/\/redfirepits.eu\/fr\/produit\/orion-classic-rouille\/","title":{"rendered":"Orion Classic Rouille"},"excerpt":{"rendered":"<p>Connaissez-vous la derni\u00e8re tendance en mati\u00e8re de cuisson et de grillades en ext\u00e9rieur ? Avec la chemin\u00e9e \u00e9l\u00e9gamment con\u00e7ue et la plaque de cuisson plancha combin\u00e9e de RedFire, vous apportez un accessoire multifonctionnel \u00e0 votre jardin ou terrasse. L&rsquo;ORION, avec un design prot\u00e9g\u00e9, est disponible en deux versions : la variante noire mate ou la version rouill\u00e9e.<\/p>\n","protected":false},"featured_media":5024,"template":"","meta":{"inline_featured_image":false},"product_brand":[],"product_cat":[1374],"product_tag":[],"class_list":{"0":"post-7737","1":"product","2":"type-product","3":"status-publish","4":"has-post-thumbnail","6":"product_cat-premium-fr-2","8":"first","9":"instock","10":"taxable","11":"shipping-taxable","12":"purchasable","13":"product-type-simple"},"_links":{"self":[{"href":"https:\/\/redfirepits.eu\/fr\/wp-json\/wp\/v2\/product\/7737","targetHints":{"allow":["GET"]}}],"collection":[{"href":"https:\/\/redfirepits.eu\/fr\/wp-json\/wp\/v2\/product"}],"about":[{"href":"https:\/\/redfirepits.eu\/fr\/wp-json\/wp\/v2\/types\/product"}],"wp:featuredmedia":[{"embeddable":true,"href":"https:\/\/redfirepits.eu\/fr\/wp-json\/wp\/v2\/media\/5024"}],"wp:attachment":[{"href":"https:\/\/redfirepits.eu\/fr\/wp-json\/wp\/v2\/media?parent=7737"}],"wp:term":[{"taxonomy":"product_brand","embeddable":true,"href":"https:\/\/redfirepits.eu\/fr\/wp-json\/wp\/v2\/product_brand?post=7737"},{"taxonomy":"product_cat","embeddable":true,"href":"https:\/\/redfirepits.eu\/fr\/wp-json\/wp\/v2\/product_cat?post=7737"},{"taxonomy":"product_tag","embeddable":true,"href":"https:\/\/redfirepits.eu\/fr\/wp-json\/wp\/v2\/product_tag?post=7737"}],"curies":[{"name":"wp","href":"https:\/\/api.w.org\/{rel}","templated":true}]}}