{"id":7738,"date":"2022-05-12T09:02:00","date_gmt":"2022-05-12T08:02:00","guid":{"rendered":"https:\/\/redfirepits.eu\/product\/orion-classic-noir\/"},"modified":"2022-05-12T09:02:00","modified_gmt":"2022-05-12T08:02:00","slug":"orion-classic-noir","status":"publish","type":"product","link":"https:\/\/redfirepits.eu\/fr\/produit\/orion-classic-noir\/","title":{"rendered":"Orion Classic Noir"},"excerpt":{"rendered":"<p>Avec cette combinaison de foyer et de barbecue de RedFire \u00e0 finition noire, vous apportez un produit multifonctionnel dans votre jardin ou sur votre patio. L&rsquo;aspect noir mat combin\u00e9 \u00e0 l&rsquo;anneau de cuisson plancha donne un look industriel moderne qui fait de l&rsquo;Orion un v\u00e9ritable compl\u00e9ment, m\u00eame lorsqu&rsquo;il n&rsquo;est pas utilis\u00e9. <\/p>\n","protected":false},"featured_media":5066,"template":"","meta":{"inline_featured_image":false},"product_brand":[],"product_cat":[1374],"product_tag":[],"class_list":{"0":"post-7738","1":"product","2":"type-product","3":"status-publish","4":"has-post-thumbnail","6":"product_cat-premium-fr-2","8":"first","9":"instock","10":"taxable","11":"shipping-taxable","12":"purchasable","13":"product-type-simple"},"_links":{"self":[{"href":"https:\/\/redfirepits.eu\/fr\/wp-json\/wp\/v2\/product\/7738","targetHints":{"allow":["GET"]}}],"collection":[{"href":"https:\/\/redfirepits.eu\/fr\/wp-json\/wp\/v2\/product"}],"about":[{"href":"https:\/\/redfirepits.eu\/fr\/wp-json\/wp\/v2\/types\/product"}],"wp:featuredmedia":[{"embeddable":true,"href":"https:\/\/redfirepits.eu\/fr\/wp-json\/wp\/v2\/media\/5066"}],"wp:attachment":[{"href":"https:\/\/redfirepits.eu\/fr\/wp-json\/wp\/v2\/media?parent=7738"}],"wp:term":[{"taxonomy":"product_brand","embeddable":true,"href":"https:\/\/redfirepits.eu\/fr\/wp-json\/wp\/v2\/product_brand?post=7738"},{"taxonomy":"product_cat","embeddable":true,"href":"https:\/\/redfirepits.eu\/fr\/wp-json\/wp\/v2\/product_cat?post=7738"},{"taxonomy":"product_tag","embeddable":true,"href":"https:\/\/redfirepits.eu\/fr\/wp-json\/wp\/v2\/product_tag?post=7738"}],"curies":[{"name":"wp","href":"https:\/\/api.w.org\/{rel}","templated":true}]}}