{"id":7945,"date":"2026-02-05T16:01:08","date_gmt":"2026-02-05T15:01:08","guid":{"rendered":"https:\/\/redfirepits.eu\/?post_type=product&#038;p=7945"},"modified":"2026-02-05T16:35:04","modified_gmt":"2026-02-05T15:35:04","slug":"couvercle-orion-classic-82-cm-rouille-kopie","status":"publish","type":"product","link":"https:\/\/redfirepits.eu\/fr\/produit\/couvercle-orion-classic-82-cm-rouille-kopie\/","title":{"rendered":"Grille pour brasero et foyer ext\u00e9rieur"},"excerpt":{"rendered":"<p>Cette grille robuste a \u00e9t\u00e9 con\u00e7ue pour optimiser la combustion dans votre brasero ou foyer ext\u00e9rieur. En sur\u00e9levant l\u00e9g\u00e8rement le bois par rapport au fond, l\u2019apport en oxyg\u00e8ne est am\u00e9lior\u00e9, ce qui permet au feu de s\u2019allumer plus rapidement et de br\u00fbler de mani\u00e8re plus homog\u00e8ne.<\/p>\n","protected":false},"featured_media":7948,"template":"","meta":{"inline_featured_image":false},"product_brand":[],"product_cat":[1672],"product_tag":[],"class_list":{"0":"post-7945","1":"product","2":"type-product","3":"status-publish","4":"has-post-thumbnail","6":"product_cat-accessoires-fr","8":"first","9":"instock","10":"taxable","11":"shipping-taxable","12":"purchasable","13":"product-type-simple"},"_links":{"self":[{"href":"https:\/\/redfirepits.eu\/fr\/wp-json\/wp\/v2\/product\/7945","targetHints":{"allow":["GET"]}}],"collection":[{"href":"https:\/\/redfirepits.eu\/fr\/wp-json\/wp\/v2\/product"}],"about":[{"href":"https:\/\/redfirepits.eu\/fr\/wp-json\/wp\/v2\/types\/product"}],"wp:featuredmedia":[{"embeddable":true,"href":"https:\/\/redfirepits.eu\/fr\/wp-json\/wp\/v2\/media\/7948"}],"wp:attachment":[{"href":"https:\/\/redfirepits.eu\/fr\/wp-json\/wp\/v2\/media?parent=7945"}],"wp:term":[{"taxonomy":"product_brand","embeddable":true,"href":"https:\/\/redfirepits.eu\/fr\/wp-json\/wp\/v2\/product_brand?post=7945"},{"taxonomy":"product_cat","embeddable":true,"href":"https:\/\/redfirepits.eu\/fr\/wp-json\/wp\/v2\/product_cat?post=7945"},{"taxonomy":"product_tag","embeddable":true,"href":"https:\/\/redfirepits.eu\/fr\/wp-json\/wp\/v2\/product_tag?post=7945"}],"curies":[{"name":"wp","href":"https:\/\/api.w.org\/{rel}","templated":true}]}}