{"id":7984,"date":"2026-02-17T08:54:58","date_gmt":"2026-02-17T07:54:58","guid":{"rendered":"https:\/\/redfirepits.eu\/?post_type=product&#038;p=7984"},"modified":"2026-02-17T09:05:32","modified_gmt":"2026-02-17T08:05:32","slug":"grille-pour-brasero-et-foyer-exterieur-kopie","status":"publish","type":"product","link":"https:\/\/redfirepits.eu\/fr\/produit\/grille-pour-brasero-et-foyer-exterieur-kopie\/","title":{"rendered":"Grille pour plancha ONYX 60 cm"},"excerpt":{"rendered":"<p>Cette grille est sp\u00e9cialement con\u00e7ue pour \u00eatre utilis\u00e9e sur la plancha ONYX 60 cm. Sa conception ronde assure une mise en place stable et une surface de cuisson compacte mais efficace permettant de pr\u00e9parer facilement viande poisson et l\u00e9gumes au dessus du feu.<\/p>\n","protected":false},"featured_media":7988,"template":"","meta":{"inline_featured_image":false},"product_brand":[],"product_cat":[1672],"product_tag":[],"class_list":{"0":"post-7984","1":"product","2":"type-product","3":"status-publish","4":"has-post-thumbnail","6":"product_cat-accessoires-fr","8":"first","9":"outofstock","10":"taxable","11":"shipping-taxable","12":"purchasable","13":"product-type-simple"},"_links":{"self":[{"href":"https:\/\/redfirepits.eu\/fr\/wp-json\/wp\/v2\/product\/7984","targetHints":{"allow":["GET"]}}],"collection":[{"href":"https:\/\/redfirepits.eu\/fr\/wp-json\/wp\/v2\/product"}],"about":[{"href":"https:\/\/redfirepits.eu\/fr\/wp-json\/wp\/v2\/types\/product"}],"wp:featuredmedia":[{"embeddable":true,"href":"https:\/\/redfirepits.eu\/fr\/wp-json\/wp\/v2\/media\/7988"}],"wp:attachment":[{"href":"https:\/\/redfirepits.eu\/fr\/wp-json\/wp\/v2\/media?parent=7984"}],"wp:term":[{"taxonomy":"product_brand","embeddable":true,"href":"https:\/\/redfirepits.eu\/fr\/wp-json\/wp\/v2\/product_brand?post=7984"},{"taxonomy":"product_cat","embeddable":true,"href":"https:\/\/redfirepits.eu\/fr\/wp-json\/wp\/v2\/product_cat?post=7984"},{"taxonomy":"product_tag","embeddable":true,"href":"https:\/\/redfirepits.eu\/fr\/wp-json\/wp\/v2\/product_tag?post=7984"}],"curies":[{"name":"wp","href":"https:\/\/api.w.org\/{rel}","templated":true}]}}