{"id":8008,"date":"2026-02-17T09:08:40","date_gmt":"2026-02-17T08:08:40","guid":{"rendered":"https:\/\/redfirepits.eu\/?post_type=product&#038;p=8008"},"modified":"2026-02-17T09:19:02","modified_gmt":"2026-02-17T08:19:02","slug":"grille-pour-plancha-onyx-60-cm-kopie","status":"publish","type":"product","link":"https:\/\/redfirepits.eu\/fr\/produit\/grille-pour-plancha-onyx-60-cm-kopie\/","title":{"rendered":"Grille pour plancha ONYX 80 cm"},"excerpt":{"rendered":"<p>Cette grille est sp\u00e9cialement con\u00e7ue pour \u00eatre utilis\u00e9e sur la plancha ONYX 80 cm et offre une surface de cuisson g\u00e9n\u00e9reuse permettant de pr\u00e9parer plusieurs plats en m\u00eame temps. Sa conception ronde assure une mise en place stable sur la plancha et facilite la pr\u00e9paration de viande poisson et l\u00e9gumes directement au dessus du feu.<\/p>\n","protected":false},"featured_media":8024,"template":"","meta":{"inline_featured_image":false},"product_brand":[],"product_cat":[1672],"product_tag":[],"class_list":{"0":"post-8008","1":"product","2":"type-product","3":"status-publish","4":"has-post-thumbnail","6":"product_cat-accessoires-fr","8":"first","9":"outofstock","10":"taxable","11":"shipping-taxable","12":"purchasable","13":"product-type-simple"},"_links":{"self":[{"href":"https:\/\/redfirepits.eu\/fr\/wp-json\/wp\/v2\/product\/8008","targetHints":{"allow":["GET"]}}],"collection":[{"href":"https:\/\/redfirepits.eu\/fr\/wp-json\/wp\/v2\/product"}],"about":[{"href":"https:\/\/redfirepits.eu\/fr\/wp-json\/wp\/v2\/types\/product"}],"wp:featuredmedia":[{"embeddable":true,"href":"https:\/\/redfirepits.eu\/fr\/wp-json\/wp\/v2\/media\/8024"}],"wp:attachment":[{"href":"https:\/\/redfirepits.eu\/fr\/wp-json\/wp\/v2\/media?parent=8008"}],"wp:term":[{"taxonomy":"product_brand","embeddable":true,"href":"https:\/\/redfirepits.eu\/fr\/wp-json\/wp\/v2\/product_brand?post=8008"},{"taxonomy":"product_cat","embeddable":true,"href":"https:\/\/redfirepits.eu\/fr\/wp-json\/wp\/v2\/product_cat?post=8008"},{"taxonomy":"product_tag","embeddable":true,"href":"https:\/\/redfirepits.eu\/fr\/wp-json\/wp\/v2\/product_tag?post=8008"}],"curies":[{"name":"wp","href":"https:\/\/api.w.org\/{rel}","templated":true}]}}