{"id":8061,"date":"2026-04-07T08:12:12","date_gmt":"2026-04-07T07:12:12","guid":{"rendered":"https:\/\/redfirepits.eu\/?post_type=product&#038;p=8061"},"modified":"2026-04-07T08:42:34","modified_gmt":"2026-04-07T07:42:34","slug":"magnus-hybrid-barbecue","status":"publish","type":"product","link":"https:\/\/redfirepits.eu\/fr\/produit\/magnus-hybrid-barbecue\/","title":{"rendered":"Magnus Hybrid Barbecue"},"excerpt":{"rendered":"<p>Le barbecue hybride Magnus r\u00e9unit le meilleur des deux mondes. Ce barbecue polyvalent combine une puissante grille \u00e0 gaz avec un v\u00e9ritable barbecue au charbon de bois. Vous pouvez ainsi choisir la m\u00e9thode de cuisson qui vous convient : rapide et pratique au gaz ou authentique au charbon pour cette saveur fum\u00e9e typique du barbecue.<\/p>\n<p>Gr\u00e2ce \u00e0 ses deux grandes surfaces de cuisson de 48 \u00d7 42 cm, vous pouvez facilement pr\u00e9parer de d\u00e9licieux repas pour toute la famille ou un groupe d\u2019amis. Pendant que la partie gaz chauffe rapidement, la zone charbon permet de cuire plus lentement et de profiter pleinement de l\u2019exp\u00e9rience barbecue. Parfait pour de longues soir\u00e9es d\u2019\u00e9t\u00e9 dans le jardin.<\/p>\n<p>Le Magnus est con\u00e7u pour offrir un maximum de confort et de praticit\u00e9. Deux larges tablettes lat\u00e9rales offrent un espace de travail suppl\u00e9mentaire et l\u2019armoire situ\u00e9e sous le barbecue permet de ranger la bouteille de gaz et les accessoires. Gr\u00e2ce aux quatre roulettes pivotantes, le barbecue se d\u00e9place facilement sur la terrasse ou dans le jardin.<\/p>\n<p>Le barbecue est fabriqu\u00e9 en acier robuste avec un rev\u00eatement noir thermor\u00e9sistant et des d\u00e9tails \u00e9l\u00e9gants en acier inoxydable. Les couvercles \u00e0 double paroi avec thermom\u00e8tre int\u00e9gr\u00e9 permettent un contr\u00f4le pr\u00e9cis de la temp\u00e9rature pendant la cuisson.<\/p>\n","protected":false},"featured_media":8069,"template":"","meta":{"inline_featured_image":false},"product_brand":[],"product_cat":[1373],"product_tag":[],"class_list":{"0":"post-8061","1":"product","2":"type-product","3":"status-publish","4":"has-post-thumbnail","6":"product_cat-classics-fr-2","8":"first","9":"instock","10":"sale","11":"taxable","12":"shipping-taxable","13":"purchasable","14":"product-type-simple"},"_links":{"self":[{"href":"https:\/\/redfirepits.eu\/fr\/wp-json\/wp\/v2\/product\/8061","targetHints":{"allow":["GET"]}}],"collection":[{"href":"https:\/\/redfirepits.eu\/fr\/wp-json\/wp\/v2\/product"}],"about":[{"href":"https:\/\/redfirepits.eu\/fr\/wp-json\/wp\/v2\/types\/product"}],"wp:featuredmedia":[{"embeddable":true,"href":"https:\/\/redfirepits.eu\/fr\/wp-json\/wp\/v2\/media\/8069"}],"wp:attachment":[{"href":"https:\/\/redfirepits.eu\/fr\/wp-json\/wp\/v2\/media?parent=8061"}],"wp:term":[{"taxonomy":"product_brand","embeddable":true,"href":"https:\/\/redfirepits.eu\/fr\/wp-json\/wp\/v2\/product_brand?post=8061"},{"taxonomy":"product_cat","embeddable":true,"href":"https:\/\/redfirepits.eu\/fr\/wp-json\/wp\/v2\/product_cat?post=8061"},{"taxonomy":"product_tag","embeddable":true,"href":"https:\/\/redfirepits.eu\/fr\/wp-json\/wp\/v2\/product_tag?post=8061"}],"curies":[{"name":"wp","href":"https:\/\/api.w.org\/{rel}","templated":true}]}}