{"id":8125,"date":"2026-04-07T13:56:19","date_gmt":"2026-04-07T12:56:19","guid":{"rendered":"https:\/\/redfirepits.eu\/?post_type=product&#038;p=8125"},"modified":"2026-04-07T14:25:43","modified_gmt":"2026-04-07T13:25:43","slug":"salvatore-combi-pizzaoven-barbecue","status":"publish","type":"product","link":"https:\/\/redfirepits.eu\/fr\/produit\/salvatore-combi-pizzaoven-barbecue\/","title":{"rendered":"Salvatore Combi Pizzaoven Barbecue"},"excerpt":{"rendered":"<p>Le Salvatore Combi BBQ Pizza Grill est bien plus qu\u2019un simple barbecue. C\u2019est une v\u00e9ritable cuisine ext\u00e9rieure o\u00f9 grillades, cuisson de pizza et wok se r\u00e9unissent. Pendant que le barbecue chauffe et que l\u2019odeur de viande grill\u00e9e se r\u00e9pand dans le jardin, vous pouvez glisser une pizza croustillante dans votre propre four \u00e0 pizza. La cuisine en plein air devient une exp\u00e9rience totalement nouvelle.<\/p>\n<p>Ce grand barbecue \u00e0 gaz avec four \u00e0 pizza est parfait pour les longues soir\u00e9es d\u2019\u00e9t\u00e9 en famille ou entre amis. Gr\u00e2ce \u00e0 la grande surface de cuisson, vous pouvez pr\u00e9parer facilement des plats pour 20 \u00e0 25 personnes. Id\u00e9al pour les soir\u00e9es barbecue o\u00f9 chacun profite de viande grill\u00e9e, de l\u00e9gumes et de pizzas maison.<\/p>\n","protected":false},"featured_media":8128,"template":"","meta":{"inline_featured_image":false},"product_brand":[],"product_cat":[1373],"product_tag":[],"class_list":{"0":"post-8125","1":"product","2":"type-product","3":"status-publish","4":"has-post-thumbnail","6":"product_cat-classics-fr-2","8":"first","9":"instock","10":"sale","11":"taxable","12":"shipping-taxable","13":"purchasable","14":"product-type-simple"},"_links":{"self":[{"href":"https:\/\/redfirepits.eu\/fr\/wp-json\/wp\/v2\/product\/8125","targetHints":{"allow":["GET"]}}],"collection":[{"href":"https:\/\/redfirepits.eu\/fr\/wp-json\/wp\/v2\/product"}],"about":[{"href":"https:\/\/redfirepits.eu\/fr\/wp-json\/wp\/v2\/types\/product"}],"wp:featuredmedia":[{"embeddable":true,"href":"https:\/\/redfirepits.eu\/fr\/wp-json\/wp\/v2\/media\/8128"}],"wp:attachment":[{"href":"https:\/\/redfirepits.eu\/fr\/wp-json\/wp\/v2\/media?parent=8125"}],"wp:term":[{"taxonomy":"product_brand","embeddable":true,"href":"https:\/\/redfirepits.eu\/fr\/wp-json\/wp\/v2\/product_brand?post=8125"},{"taxonomy":"product_cat","embeddable":true,"href":"https:\/\/redfirepits.eu\/fr\/wp-json\/wp\/v2\/product_cat?post=8125"},{"taxonomy":"product_tag","embeddable":true,"href":"https:\/\/redfirepits.eu\/fr\/wp-json\/wp\/v2\/product_tag?post=8125"}],"curies":[{"name":"wp","href":"https:\/\/api.w.org\/{rel}","templated":true}]}}