{"id":8262,"date":"2026-04-17T10:33:07","date_gmt":"2026-04-17T09:33:07","guid":{"rendered":"https:\/\/redfirepits.eu\/?post_type=product&#038;p=8262"},"modified":"2026-04-17T10:45:29","modified_gmt":"2026-04-17T09:45:29","slug":"jubilee-brasero-pellets","status":"publish","type":"product","link":"https:\/\/redfirepits.eu\/fr\/produit\/jubilee-brasero-pellets\/","title":{"rendered":"Jubilee Brasero \u00e0 Pellets"},"excerpt":{"rendered":"<p>Le brasero RedFire Jubilee a \u00e9t\u00e9 con\u00e7u pour les amateurs de design et de vie en plein air. Sa forme ronde, sa finition mate et ses pieds aspect bois lui conf\u00e8rent une allure moderne et apaisante. Son design \u00e9quilibr\u00e9 et \u00e9l\u00e9gant s\u2019int\u00e8gre parfaitement dans un jardin urbain, sur une terrasse contemporaine ou sous une v\u00e9randa de style champ\u00eatre.<\/p>\n","protected":false},"featured_media":8266,"template":"","meta":{"inline_featured_image":false},"product_brand":[],"product_cat":[1368,1371],"product_tag":[1656],"class_list":{"0":"post-8262","1":"product","2":"type-product","3":"status-publish","4":"has-post-thumbnail","6":"product_cat-fire-fr","7":"product_cat-premium-fr","8":"product_tag-sortie","10":"first","11":"instock","12":"taxable","13":"shipping-taxable","14":"purchasable","15":"product-type-simple"},"_links":{"self":[{"href":"https:\/\/redfirepits.eu\/fr\/wp-json\/wp\/v2\/product\/8262","targetHints":{"allow":["GET"]}}],"collection":[{"href":"https:\/\/redfirepits.eu\/fr\/wp-json\/wp\/v2\/product"}],"about":[{"href":"https:\/\/redfirepits.eu\/fr\/wp-json\/wp\/v2\/types\/product"}],"wp:featuredmedia":[{"embeddable":true,"href":"https:\/\/redfirepits.eu\/fr\/wp-json\/wp\/v2\/media\/8266"}],"wp:attachment":[{"href":"https:\/\/redfirepits.eu\/fr\/wp-json\/wp\/v2\/media?parent=8262"}],"wp:term":[{"taxonomy":"product_brand","embeddable":true,"href":"https:\/\/redfirepits.eu\/fr\/wp-json\/wp\/v2\/product_brand?post=8262"},{"taxonomy":"product_cat","embeddable":true,"href":"https:\/\/redfirepits.eu\/fr\/wp-json\/wp\/v2\/product_cat?post=8262"},{"taxonomy":"product_tag","embeddable":true,"href":"https:\/\/redfirepits.eu\/fr\/wp-json\/wp\/v2\/product_tag?post=8262"}],"curies":[{"name":"wp","href":"https:\/\/api.w.org\/{rel}","templated":true}]}}