{"id":8288,"date":"2026-04-17T10:46:21","date_gmt":"2026-04-17T09:46:21","guid":{"rendered":"https:\/\/redfirepits.eu\/?post_type=product&#038;p=8288"},"modified":"2026-04-17T10:53:12","modified_gmt":"2026-04-17T09:53:12","slug":"dudly-brasero-a-pellets","status":"publish","type":"product","link":"https:\/\/redfirepits.eu\/fr\/produit\/dudly-brasero-a-pellets\/","title":{"rendered":"Dudly Brasero \u00e0 Pellets"},"excerpt":{"rendered":"<p>Le brasero RedFire Dudly associe un design moderne \u00e0 une fonctionnalit\u00e9 pratique. Son corps rond en acier avec des d\u00e9coupes d\u00e9coratives cr\u00e9e un jeu de lumi\u00e8re \u00e9l\u00e9gant lorsque le feu est allum\u00e9. Les pieds avec finition aspect bois et la finition mate apportent une touche chaleureuse qui contraste harmonieusement avec la robustesse de l\u2019acier. Le Dudly est con\u00e7u pour attirer tous les regards dans le jardin ou sur la terrasse.<\/p>\n","protected":false},"featured_media":8293,"template":"","meta":{"inline_featured_image":false},"product_brand":[],"product_cat":[1368,1371],"product_tag":[1656],"class_list":{"0":"post-8288","1":"product","2":"type-product","3":"status-publish","4":"has-post-thumbnail","6":"product_cat-fire-fr","7":"product_cat-premium-fr","8":"product_tag-sortie","10":"first","11":"instock","12":"taxable","13":"shipping-taxable","14":"purchasable","15":"product-type-simple"},"_links":{"self":[{"href":"https:\/\/redfirepits.eu\/fr\/wp-json\/wp\/v2\/product\/8288","targetHints":{"allow":["GET"]}}],"collection":[{"href":"https:\/\/redfirepits.eu\/fr\/wp-json\/wp\/v2\/product"}],"about":[{"href":"https:\/\/redfirepits.eu\/fr\/wp-json\/wp\/v2\/types\/product"}],"wp:featuredmedia":[{"embeddable":true,"href":"https:\/\/redfirepits.eu\/fr\/wp-json\/wp\/v2\/media\/8293"}],"wp:attachment":[{"href":"https:\/\/redfirepits.eu\/fr\/wp-json\/wp\/v2\/media?parent=8288"}],"wp:term":[{"taxonomy":"product_brand","embeddable":true,"href":"https:\/\/redfirepits.eu\/fr\/wp-json\/wp\/v2\/product_brand?post=8288"},{"taxonomy":"product_cat","embeddable":true,"href":"https:\/\/redfirepits.eu\/fr\/wp-json\/wp\/v2\/product_cat?post=8288"},{"taxonomy":"product_tag","embeddable":true,"href":"https:\/\/redfirepits.eu\/fr\/wp-json\/wp\/v2\/product_tag?post=8288"}],"curies":[{"name":"wp","href":"https:\/\/api.w.org\/{rel}","templated":true}]}}