{"id":8399,"date":"2026-04-23T10:35:12","date_gmt":"2026-04-23T09:35:12","guid":{"rendered":"https:\/\/redfirepits.eu\/?post_type=product&#038;p=8399"},"modified":"2026-04-23T10:46:13","modified_gmt":"2026-04-23T09:46:13","slug":"banc-de-rangement-pour-bois-redfire-tyr-40-cm","status":"publish","type":"product","link":"https:\/\/redfirepits.eu\/fr\/produit\/banc-de-rangement-pour-bois-redfire-tyr-40-cm\/","title":{"rendered":"Banc de rangement pour bois RedFire Tyr 40 cm"},"excerpt":{"rendered":"<p>Le RedFire Tyr 40 cm est le choix parfait pour les petits espaces ext\u00e9rieurs. Ce banc compact combine un rangement intelligent pour le bois avec une assise robuste et confortable. Fabriqu\u00e9 en acier rouill\u00e9 de 3 mm d\u2019\u00e9paisseur et surmont\u00e9 d\u2019une assise en bois durable avec finition en rainures en V, il allie esth\u00e9tique et utilit\u00e9.<\/p>\n","protected":false},"featured_media":8376,"template":"","meta":{"inline_featured_image":false},"product_brand":[],"product_cat":[],"product_tag":[],"class_list":{"0":"post-8399","1":"product","2":"type-product","3":"status-publish","4":"has-post-thumbnail","7":"first","8":"instock","9":"taxable","10":"shipping-taxable","11":"purchasable","12":"product-type-simple"},"_links":{"self":[{"href":"https:\/\/redfirepits.eu\/fr\/wp-json\/wp\/v2\/product\/8399","targetHints":{"allow":["GET"]}}],"collection":[{"href":"https:\/\/redfirepits.eu\/fr\/wp-json\/wp\/v2\/product"}],"about":[{"href":"https:\/\/redfirepits.eu\/fr\/wp-json\/wp\/v2\/types\/product"}],"wp:featuredmedia":[{"embeddable":true,"href":"https:\/\/redfirepits.eu\/fr\/wp-json\/wp\/v2\/media\/8376"}],"wp:attachment":[{"href":"https:\/\/redfirepits.eu\/fr\/wp-json\/wp\/v2\/media?parent=8399"}],"wp:term":[{"taxonomy":"product_brand","embeddable":true,"href":"https:\/\/redfirepits.eu\/fr\/wp-json\/wp\/v2\/product_brand?post=8399"},{"taxonomy":"product_cat","embeddable":true,"href":"https:\/\/redfirepits.eu\/fr\/wp-json\/wp\/v2\/product_cat?post=8399"},{"taxonomy":"product_tag","embeddable":true,"href":"https:\/\/redfirepits.eu\/fr\/wp-json\/wp\/v2\/product_tag?post=8399"}],"curies":[{"name":"wp","href":"https:\/\/api.w.org\/{rel}","templated":true}]}}